{"id":418,"date":"2021-04-21T12:07:40","date_gmt":"2021-04-21T09:07:40","guid":{"rendered":"https:\/\/aikainen.com\/?page_id=418"},"modified":"2023-08-29T09:50:43","modified_gmt":"2023-08-29T06:50:43","slug":"home","status":"publish","type":"page","link":"https:\/\/aikainen.com\/fi\/","title":{"rendered":"Home"},"content":{"rendered":"<h3>Portfolio numeroina<\/h3>\n<p>\t\t\t\t1<br \/>\n\t\t\t\t\t\t\tTy\u00f6ntekij\u00e4t<br \/>\n\t\t\t\t1<br \/>\n\t\t\t\t%<br \/>\n\t\t\t\t\t\t\tLiikevaihdon kasvu 2021<br \/>\n\t\t\t\t1<br \/>\n\t\t\t\tM\u20ac<br \/>\n\t\t\t\t\t\t\tPortfolioyhti\u00f6iden kokonaisvaluaatio<\/p>\n<h2>Tarvitsetko apua ensimm\u00e4isen rahoituskierroksen nostamiseen?<\/h2>\n<p>Raising a first funding round may feel like an endless stream of opportunities. Or more likely a deadly swamp that is trying to eat all your time and resources. In this article we try to demystify the process of raising external capital and walk through the different options startups have for getting funded in Finland.<\/p>\n<p>\t\t\t<a href=\"https:\/\/aikainen.com\/fi\/2021\/08\/17\/ensimmaisen-rahoituskierroksen-nostaminen-startupille\/\" role=\"button\"><br \/>\n\t\t\t\t\t\tLue lis\u00e4\u00e4<br \/>\n\t\t\t\t\t<\/a><\/p>\n<h1>Mit\u00e4 me tarjoamme<\/p>\n<p>Besides an investment<br \/>\nsize of 20-100k, we offer support in the following areas:<\/p>\n<\/h1>\n<h2>Strategia &amp; Megatrendit<\/h2>\n<p>Mitk\u00e4 megatrendit vaikuttavat teid\u00e4n bisnekseen? Ent\u00e4 mitk\u00e4 ovat kasvua hidastavat pullonkaulat? Me autamme strategian asettamisessa ja vaikuttavuuden lis\u00e4\u00e4misess\u00e4<\/p>\n<h2>Inbound Markkinointi<\/p>\n<\/h2>\n<p>Onko tuote kunnossa, mutta et tied\u00e4 miten markkinoida sit\u00e4? Me autamme sinut eteenp\u00e4in sis\u00e4lt\u00f6markkinoinnin avulla. <\/p>\n<h2>Myynti<\/p>\n<\/h2>\n<p>Liidej\u00e4 tulee inboundina, mutta ne eiv\u00e4t konvertoidu asiakkaiksi? <i>Kristallisoidaan teid\u00e4n viesti<\/i> ja aletaan klousaamaan diilej\u00e4.<\/p>\n<h2>Teknologia<\/h2>\n<p>Teill\u00e4 on paljon ideoita, mutta toteuttaminen on riitt\u00e4m\u00e4t\u00f6nt\u00e4? Teknologiatiimin perustaminen antaa mahdollisuudet uusien ideoiden kokeilemiseen nopealla temmolla. Alkuun CTO:n palkkaaminen on hyv\u00e4 idea.<\/p>\n<h2>Design<\/h2>\n<p>Design visualisoi yrityksesti identiteetin ja kulttuurin. Me autamme sinua laittamaan asiakkaan kehitysprosessinne prioriteetiksi.<\/p>\n<h2>Johtajuus<\/h2>\n<p>Itseohjautuva tiimi voi olla eritt\u00e4in menestyksek\u00e4s. Se ei kuitenkaan tarkoita sit\u00e4, ett\u00e4 johtajuudelle ei olisi tarvetta. Me autamme sinua rakentamaan innostavan ty\u00f6kulttuurin. <\/p>","protected":false},"excerpt":{"rendered":"<p>Portfolio in numbers 1 Employees 1 % Revenue growth 2021 1 M\u20ac Total valuation of portfolio companies Need guidance for raising your first funding round? Raising a first funding round may feel like an endless stream of opportunities. Or more likely a deadly swamp that is trying to eat all [&hellip;]<\/p>\n","protected":false},"author":103704859,"featured_media":636,"parent":0,"menu_order":0,"comment_status":"closed","ping_status":"closed","template":"","meta":{"_crdt_document":"","_monsterinsights_skip_tracking":false,"_monsterinsights_sitenote_active":false,"_monsterinsights_sitenote_note":"","_monsterinsights_sitenote_category":0,"footnotes":""},"class_list":["post-418","page","type-page","status-publish","has-post-thumbnail","hentry"],"yoast_head":"<!-- This site is optimized with the Yoast SEO plugin v27.5 - https:\/\/yoast.com\/product\/yoast-seo-wordpress\/ -->\n<title>Home - Aikainen<\/title>\n<meta name=\"description\" content=\"Aikainen is established to accelerate the green, digital megatrend. We think the best way to build a new, better world is to invest in world changing ideas.\" \/>\n<meta name=\"robots\" content=\"index, follow, max-snippet:-1, max-image-preview:large, max-video-preview:-1\" \/>\n<link rel=\"canonical\" href=\"https:\/\/aikainen.com\/fi\/\" \/>\n<meta property=\"og:locale\" content=\"fi_FI\" \/>\n<meta property=\"og:type\" content=\"article\" \/>\n<meta property=\"og:title\" content=\"Home - Aikainen\" \/>\n<meta property=\"og:description\" content=\"Aikainen is established to accelerate the green, digital megatrend. We think the best way to build a new, better world is to invest in world changing ideas.\" \/>\n<meta property=\"og:url\" content=\"https:\/\/aikainen.com\/fi\/\" \/>\n<meta property=\"og:site_name\" content=\"Aikainen\" \/>\n<meta property=\"article:modified_time\" content=\"2023-08-29T06:50:43+00:00\" \/>\n<meta property=\"og:image\" content=\"https:\/\/aikainen.com\/wp-content\/uploads\/2021\/04\/bart-zimny-W5XTTLpk1-I-unsplash.jpg\" \/>\n\t<meta property=\"og:image:width\" content=\"1920\" \/>\n\t<meta property=\"og:image:height\" content=\"2560\" \/>\n\t<meta property=\"og:image:type\" content=\"image\/jpeg\" \/>\n<meta name=\"twitter:card\" content=\"summary_large_image\" \/>\n<meta name=\"twitter:label1\" content=\"Arvioitu lukuaika\" \/>\n\t<meta name=\"twitter:data1\" content=\"2 minuuttia\" \/>\n<script type=\"application\/ld+json\" class=\"yoast-schema-graph\">{\"@context\":\"https:\\\/\\\/schema.org\",\"@graph\":[{\"@type\":\"WebPage\",\"@id\":\"https:\\\/\\\/aikainen.com\\\/\",\"url\":\"https:\\\/\\\/aikainen.com\\\/\",\"name\":\"Home - Aikainen\",\"isPartOf\":{\"@id\":\"https:\\\/\\\/aikainen.com\\\/#website\"},\"primaryImageOfPage\":{\"@id\":\"https:\\\/\\\/aikainen.com\\\/#primaryimage\"},\"image\":{\"@id\":\"https:\\\/\\\/aikainen.com\\\/#primaryimage\"},\"thumbnailUrl\":\"https:\\\/\\\/aikainen.com\\\/wp-content\\\/uploads\\\/2021\\\/04\\\/bart-zimny-W5XTTLpk1-I-unsplash.jpg\",\"datePublished\":\"2021-04-21T09:07:40+00:00\",\"dateModified\":\"2023-08-29T06:50:43+00:00\",\"description\":\"Aikainen is established to accelerate the green, digital megatrend. We think the best way to build a new, better world is to invest in world changing ideas.\",\"breadcrumb\":{\"@id\":\"https:\\\/\\\/aikainen.com\\\/#breadcrumb\"},\"inLanguage\":\"fi\",\"potentialAction\":[{\"@type\":\"ReadAction\",\"target\":[\"https:\\\/\\\/aikainen.com\\\/\"]}]},{\"@type\":\"ImageObject\",\"inLanguage\":\"fi\",\"@id\":\"https:\\\/\\\/aikainen.com\\\/#primaryimage\",\"url\":\"https:\\\/\\\/aikainen.com\\\/wp-content\\\/uploads\\\/2021\\\/04\\\/bart-zimny-W5XTTLpk1-I-unsplash.jpg\",\"contentUrl\":\"https:\\\/\\\/aikainen.com\\\/wp-content\\\/uploads\\\/2021\\\/04\\\/bart-zimny-W5XTTLpk1-I-unsplash.jpg\",\"width\":1920,\"height\":2560},{\"@type\":\"BreadcrumbList\",\"@id\":\"https:\\\/\\\/aikainen.com\\\/#breadcrumb\",\"itemListElement\":[{\"@type\":\"ListItem\",\"position\":1,\"name\":\"Home\",\"item\":\"https:\\\/\\\/aikainen.com\\\/\"},{\"@type\":\"ListItem\",\"position\":2,\"name\":\"Home\"}]},{\"@type\":\"WebSite\",\"@id\":\"https:\\\/\\\/aikainen.com\\\/#website\",\"url\":\"https:\\\/\\\/aikainen.com\\\/\",\"name\":\"Aikainen\",\"description\":\"Building a new world - One idea at a time\",\"publisher\":{\"@id\":\"https:\\\/\\\/aikainen.com\\\/#organization\"},\"potentialAction\":[{\"@type\":\"SearchAction\",\"target\":{\"@type\":\"EntryPoint\",\"urlTemplate\":\"https:\\\/\\\/aikainen.com\\\/?s={search_term_string}\"},\"query-input\":{\"@type\":\"PropertyValueSpecification\",\"valueRequired\":true,\"valueName\":\"search_term_string\"}}],\"inLanguage\":\"fi\"},{\"@type\":\"Organization\",\"@id\":\"https:\\\/\\\/aikainen.com\\\/#organization\",\"name\":\"Aikainen\",\"url\":\"https:\\\/\\\/aikainen.com\\\/\",\"logo\":{\"@type\":\"ImageObject\",\"inLanguage\":\"fi\",\"@id\":\"https:\\\/\\\/aikainen.com\\\/#\\\/schema\\\/logo\\\/image\\\/\",\"url\":\"https:\\\/\\\/i2.wp.com\\\/aikainen.com\\\/wp-content\\\/uploads\\\/2021\\\/04\\\/AIKAINEN_header-01.png?fit=8001%2C2300&ssl=1\",\"contentUrl\":\"https:\\\/\\\/i2.wp.com\\\/aikainen.com\\\/wp-content\\\/uploads\\\/2021\\\/04\\\/AIKAINEN_header-01.png?fit=8001%2C2300&ssl=1\",\"width\":8001,\"height\":2300,\"caption\":\"Aikainen\"},\"image\":{\"@id\":\"https:\\\/\\\/aikainen.com\\\/#\\\/schema\\\/logo\\\/image\\\/\"}}]}<\/script>\n<!-- \/ Yoast SEO plugin. -->","yoast_head_json":{"title":"Startup sijoittaminen","description":"Aikainen on perustettu kiihdytt\u00e4m\u00e4\u00e4n vihre\u00e4\u00e4, digitaalista megatrendi\u00e4. Me uskomme, ett\u00e4 paras keino muuttaa maailmaa on investoida mullistaviin ideoihin.","robots":{"index":"index","follow":"follow","max-snippet":"max-snippet:-1","max-image-preview":"max-image-preview:large","max-video-preview":"max-video-preview:-1"},"canonical":"https:\/\/aikainen.com\/fi\/","og_locale":"fi_FI","og_type":"article","og_title":"Home - Aikainen","og_description":"Aikainen is established to accelerate the green, digital megatrend. We think the best way to build a new, better world is to invest in world changing ideas.","og_url":"https:\/\/aikainen.com\/fi\/","og_site_name":"Aikainen","article_modified_time":"2023-08-29T06:50:43+00:00","og_image":[{"width":1920,"height":2560,"url":"https:\/\/aikainen.com\/wp-content\/uploads\/2021\/04\/bart-zimny-W5XTTLpk1-I-unsplash.jpg","type":"image\/jpeg"}],"twitter_card":"summary_large_image","twitter_misc":{"Arvioitu lukuaika":"2 minuuttia"},"schema":{"@context":"https:\/\/schema.org","@graph":[{"@type":"WebPage","@id":"https:\/\/aikainen.com\/","url":"https:\/\/aikainen.com\/","name":"Startup sijoittaminen","isPartOf":{"@id":"https:\/\/aikainen.com\/#website"},"primaryImageOfPage":{"@id":"https:\/\/aikainen.com\/#primaryimage"},"image":{"@id":"https:\/\/aikainen.com\/#primaryimage"},"thumbnailUrl":"https:\/\/aikainen.com\/wp-content\/uploads\/2021\/04\/bart-zimny-W5XTTLpk1-I-unsplash.jpg","datePublished":"2021-04-21T09:07:40+00:00","dateModified":"2023-08-29T06:50:43+00:00","description":"Aikainen on perustettu kiihdytt\u00e4m\u00e4\u00e4n vihre\u00e4\u00e4, digitaalista megatrendi\u00e4. Me uskomme, ett\u00e4 paras keino muuttaa maailmaa on investoida mullistaviin ideoihin.","breadcrumb":{"@id":"https:\/\/aikainen.com\/#breadcrumb"},"inLanguage":"fi","potentialAction":[{"@type":"ReadAction","target":["https:\/\/aikainen.com\/"]}]},{"@type":"ImageObject","inLanguage":"fi","@id":"https:\/\/aikainen.com\/#primaryimage","url":"https:\/\/aikainen.com\/wp-content\/uploads\/2021\/04\/bart-zimny-W5XTTLpk1-I-unsplash.jpg","contentUrl":"https:\/\/aikainen.com\/wp-content\/uploads\/2021\/04\/bart-zimny-W5XTTLpk1-I-unsplash.jpg","width":1920,"height":2560},{"@type":"BreadcrumbList","@id":"https:\/\/aikainen.com\/#breadcrumb","itemListElement":[{"@type":"ListItem","position":1,"name":"Home","item":"https:\/\/aikainen.com\/"},{"@type":"ListItem","position":2,"name":"Home"}]},{"@type":"WebSite","@id":"https:\/\/aikainen.com\/#website","url":"https:\/\/aikainen.com\/","name":"Aikainen","description":"Building a new world - One idea at a time","publisher":{"@id":"https:\/\/aikainen.com\/#organization"},"potentialAction":[{"@type":"SearchAction","target":{"@type":"EntryPoint","urlTemplate":"https:\/\/aikainen.com\/?s={search_term_string}"},"query-input":{"@type":"PropertyValueSpecification","valueRequired":true,"valueName":"search_term_string"}}],"inLanguage":"fi"},{"@type":"Organization","@id":"https:\/\/aikainen.com\/#organization","name":"Aikainen","url":"https:\/\/aikainen.com\/","logo":{"@type":"ImageObject","inLanguage":"fi","@id":"https:\/\/aikainen.com\/#\/schema\/logo\/image\/","url":"https:\/\/i2.wp.com\/aikainen.com\/wp-content\/uploads\/2021\/04\/AIKAINEN_header-01.png?fit=8001%2C2300&ssl=1","contentUrl":"https:\/\/i2.wp.com\/aikainen.com\/wp-content\/uploads\/2021\/04\/AIKAINEN_header-01.png?fit=8001%2C2300&ssl=1","width":8001,"height":2300,"caption":"Aikainen"},"image":{"@id":"https:\/\/aikainen.com\/#\/schema\/logo\/image\/"}}]}},"jetpack_likes_enabled":true,"jetpack_sharing_enabled":true,"jetpack_shortlink":"https:\/\/wp.me\/PcNDtv-6K","_links":{"self":[{"href":"https:\/\/aikainen.com\/fi\/wp-json\/wp\/v2\/pages\/418","targetHints":{"allow":["GET"]}}],"collection":[{"href":"https:\/\/aikainen.com\/fi\/wp-json\/wp\/v2\/pages"}],"about":[{"href":"https:\/\/aikainen.com\/fi\/wp-json\/wp\/v2\/types\/page"}],"author":[{"embeddable":true,"href":"https:\/\/aikainen.com\/fi\/wp-json\/wp\/v2\/users\/103704859"}],"replies":[{"embeddable":true,"href":"https:\/\/aikainen.com\/fi\/wp-json\/wp\/v2\/comments?post=418"}],"version-history":[{"count":1,"href":"https:\/\/aikainen.com\/fi\/wp-json\/wp\/v2\/pages\/418\/revisions"}],"predecessor-version":[{"id":2064,"href":"https:\/\/aikainen.com\/fi\/wp-json\/wp\/v2\/pages\/418\/revisions\/2064"}],"wp:featuredmedia":[{"embeddable":true,"href":"https:\/\/aikainen.com\/fi\/wp-json\/wp\/v2\/media\/636"}],"wp:attachment":[{"href":"https:\/\/aikainen.com\/fi\/wp-json\/wp\/v2\/media?parent=418"}],"curies":[{"name":"wp","href":"https:\/\/api.w.org\/{rel}","templated":true}]}}